{"id":945,"date":"2017-11-07T02:44:00","date_gmt":"2017-11-07T02:44:00","guid":{"rendered":"http:\/\/14949.a.aliquando.immo\/?page_id=945"},"modified":"2022-06-23T15:03:17","modified_gmt":"2022-06-23T19:03:17","slug":"liens-utiles","status":"publish","type":"page","link":"https:\/\/lucandre.ca\/en\/liens-utiles\/","title":{"rendered":"Useful links"},"content":{"rendered":"<p><\/p>\n<h2>Real estate links<\/h2>\n<p><section class='row '> <div class='span33 align-left   text-align-center' style='color:'><a href=\"https:\/\/www.cmhc-schl.gc.ca\/en\/\"><img loading=\"lazy\" decoding=\"async\" class=\"alignnone size-full wp-image-943\" src=\"\/files\/2017\/11\/img37.jpg\" alt=\"\" width=\"225\" height=\"90\" \/><br \/>\nCanada Mortgage and Housing Corporation(CMHC)<\/a><\/div> <div class='span33 align-left   text-align-center' style='color:'><a href=\"http:\/\/www.oaciq.com\/fr\" target=\"_BLANK\" rel=\"noopener\"><img loading=\"lazy\" decoding=\"async\" class=\"alignnone size-full wp-image-944\" src=\"\/files\/2017\/11\/img41.jpg\" alt=\"\" width=\"225\" height=\"90\" \/><br \/>\nOACIQ<\/a><\/div> <div class='span33 align-left   text-align-center' style='color:'><a href=\"https:\/\/apciq.ca\/\" target=\"_BLANK\" rel=\"noopener\"><img loading=\"lazy\" decoding=\"async\" class=\"alignnone size-full wp-image-929\" src=\"\/files\/2022\/06\/APCIQ.png\" alt=\"\" width=\"225\" height=\"90\" \/><br \/>\nAPCIQ<\/a><\/div> <\/section> <section class='row '> <div class='span33 align-left   text-align-center' style='color:'><a href=\"https:\/\/www.centris.ca\/fr\/?&amp;uc=1\" target=\"_BLANK\" rel=\"noopener\"><img loading=\"lazy\" decoding=\"async\" class=\"alignnone size-full wp-image-943\" src=\"\/files\/2017\/11\/img49.jpg\" alt=\"\" width=\"225\" height=\"90\" \/><br \/>\nCentris.ca<\/a><\/div> <div class='span33 align-left   text-align-center' style='color:'><a href=\"https:\/\/www.corpiq.com\" target=\"_BLANK\" rel=\"noopener\"><img loading=\"lazy\" decoding=\"async\" class=\"alignnone size-full wp-image-929\" src=\"\/files\/2017\/11\/img74.jpg\" alt=\"\" width=\"225\" height=\"90\" \/><br \/>\nCORPIQ<\/a><\/div>\u00a0 <div class='span33 align-left   text-align-center' style='color:'><a href=\"http:\/\/www.habitation.gouv.qc.ca\/\" target=\"_BLANK\" rel=\"noopener\"><img loading=\"lazy\" decoding=\"async\" class=\"alignnone size-full wp-image-943\" src=\"\/files\/2017\/11\/img78.jpg\" alt=\"\" width=\"225\" height=\"90\" \/><br \/>\nSoci\u00e9t\u00e9 d&#8217;habitation du Qu\u00e9bec<\/a><\/div> <\/section> <section class='row '> <div class='span33 align-left   text-align-center' style='color:'><a href=\"https:\/\/www.registrefoncier.gouv.qc.ca\/Sirf\/\" target=\"_BLANK\" rel=\"noopener\"><img loading=\"lazy\" decoding=\"async\" class=\"alignnone size-full wp-image-929\" src=\"\/files\/2017\/11\/img86.jpg\" alt=\"\" width=\"225\" height=\"90\" \/><br \/>\nRegistre foncier du Qu\u00e9bec<\/a> <\/div> <div class='span33 align-left   text-align-center' style='color:'><br \/>\n<a href=\"https:\/\/www.realtor.ca\/\" target=\"_BLANK\" rel=\"noopener\"><br \/>\n<img loading=\"lazy\" decoding=\"async\" class=\"alignnone size-full wp-image-943\" src=\"\/files\/2022\/06\/realtor_logo.svg\" alt=\"\" width=\"225\" height=\"90\" \/><br \/>\nRealtor<\/a><br \/>\n<\/div><\/p>\n<p><\/section><\/p>\n<h2>Professional Associations Links<\/h2>\n<section class='row '><br \/>\n<div class='span33 align-left   text-align-center' style='color:'><br \/>\n<a href=\"http:\/\/www.aibq.qc.ca\/aibq\/\"><br \/>\n<img loading=\"lazy\" decoding=\"async\" class=\"alignnone size-full wp-image-943\" src=\"\/files\/2017\/11\/img90.jpg\" alt=\"\" width=\"225\" height=\"90\" \/><br \/>\nQu\u00e9bec Association of Building Inspectors (AIBQ)<\/a><br \/>\n<\/div><\/p>\n<p><div class='span33 align-left   text-align-center' style='color:'><br \/>\n<a href=\"http:\/\/www.barreau.qc.ca\/\" target=\"_BLANK\" rel=\"noopener\"><br \/>\n<img loading=\"lazy\" decoding=\"async\" class=\"alignnone size-full wp-image-943\" src=\"\/files\/2017\/11\/img99.jpg\" alt=\"\" width=\"225\" height=\"90\" \/><br \/>\nBarreau du Qu\u00e9bec (AIBQ)<\/a><br \/>\n<\/div><\/p>\n<p><div class='span33 align-left   text-align-center' style='color:'><br \/>\n<a href=\"http:\/\/www.cnq.org\/\" target=\"_BLANK\" rel=\"noopener\"><br \/>\n<img loading=\"lazy\" decoding=\"async\" class=\"alignnone size-full wp-image-943\" src=\"\/files\/2017\/11\/LogoNotaires.jpg\" alt=\"\" width=\"225\" height=\"90\" \/><br \/>\nChambre des Notaires du Qu\u00e9bec<\/a><br \/>\n<\/div><br \/>\n<\/section>\n<section class='row '><br \/>\n<div class='span33 align-left   text-align-center' style='color:'><br \/>\n<a href=\"http:\/\/www.oaq.com\/\" target=\"_BLANK\" rel=\"noopener\"><br \/>\n<img loading=\"lazy\" decoding=\"async\" class=\"alignnone size-full wp-image-943\" src=\"\/files\/2017\/11\/LogoArchitecte.jpg\" alt=\"\" width=\"225\" height=\"90\" \/><br \/>\nOrdre des architectes du Qu\u00e9bec<\/a><br \/>\n<\/div><\/p>\n<p><div class='span33 align-left   text-align-center' style='color:'><br \/>\n<a href=\"http:\/\/www.oagq.qc.ca\/\" target=\"_BLANK\" rel=\"noopener\"><br \/>\n<img loading=\"lazy\" decoding=\"async\" class=\"alignnone size-full wp-image-943\" src=\"\/files\/2017\/11\/LogoArpenteurs.jpg\" alt=\"\" width=\"225\" height=\"90\" \/><br \/>\nOrdre des arpenteurs g\u00e9om\u00e8tres du Qu\u00e9bec<\/a><br \/>\n<\/div><\/p>\n<p><div class='span33 align-left   text-align-center' style='color:'><br \/>\n<a href=\"http:\/\/www.apchq.com\/\" target=\"_BLANK\" rel=\"noopener\"><br \/>\n<img loading=\"lazy\" decoding=\"async\" class=\"alignnone size-full wp-image-943\" src=\"\/files\/2017\/11\/LogoAPCHQ.jpg\" alt=\"\" width=\"225\" height=\"90\" \/><br \/>\nAssociation provinciale des constructeurs d&#8217;habitations du Qu\u00e9bec (APCHQ)<\/a><br \/>\n<\/div><br \/>\n<\/section>\n<section class='row '><br \/>\n<div class='span33 align-left   text-align-center' style='color:'><br \/>\n<a href=\"http:\/\/www.otpq.qc.ca\/\" target=\"_BLANK\" rel=\"noopener\"><br \/>\n<img loading=\"lazy\" decoding=\"async\" class=\"alignnone size-full wp-image-943\" src=\"\/files\/2017\/11\/Logotechnologues.jpg\" alt=\"\" width=\"225\" height=\"90\" \/><br \/>\nOrdre des technologues professionnels du Qu\u00e9bec<\/a><br \/>\n<\/div><br \/>\n<div class='span33 align-left   text-align-center' style='color:'><br \/>\n<a href=\"http:\/\/oiq.qc.ca\/Pages\/accueil.aspx?lang=fr\" target=\"_BLANK\" rel=\"noopener\"><br \/>\n<img loading=\"lazy\" decoding=\"async\" class=\"alignnone size-full wp-image-943\" src=\"\/files\/2017\/11\/LogoIngenieurs.jpg\" alt=\"\" width=\"225\" height=\"90\" \/><br \/>\nOrdre des ing\u00e9nieurs du Qu\u00e9bec<\/a><br \/>\n<\/div><br \/>\n<div class='span33 align-left   text-align-center' style='color:'><br \/>\n<a href=\"https:\/\/www.latib.net\/\" target=\"_BLANK\" rel=\"noopener\"><br \/>\n<img loading=\"lazy\" decoding=\"async\" class=\"alignnone size-full wp-image-943\" src=\"\/files\/2017\/11\/logoATIB.png\" alt=\"\" width=\"225\" height=\"90\" \/><br \/>\nAssociation des thermographes en inspection de b\u00e2timent<\/a><br \/>\n<\/div><\/p>\n<p><div class='span33 align-left   text-align-center' style='color:'><br \/>\n<a href=\"http:\/\/internachiquebec.org\/\" target=\"_BLANK\" rel=\"noopener\"><br \/>\n<img loading=\"lazy\" decoding=\"async\" class=\"alignnone size-full wp-image-943\" src=\"\/files\/2017\/11\/InterNACHI_Quebec_Logo.png\" alt=\"\" width=\"225\" height=\"90\" \/><br \/>\nInternachi Qu\u00e9bec &#8211; Association d&#8217;inspecteurs en b\u00e2timent<\/a><br \/>\n<\/div><\/p>\n<p>\n<\/section>\n<h2>Public Links<\/h2>\n<section class='row '> <div class='span33 align-left   text-align-center' style='color:'><a href=\"http:\/\/www.hydroquebec.com\/residentiel\/\" target=\"_BLANK\" rel=\"noopener\"><img loading=\"lazy\" decoding=\"async\" class=\"alignnone size-full wp-image-943\" src=\"\/files\/2017\/11\/img103.jpg\" alt=\"\" width=\"225\" height=\"90\" \/><br \/>\nHydro-Qu\u00e9bec<\/a><\/div> <div class='span33 align-left   text-align-center' style='color:'><a href=\"https:\/\/www.canadapost.ca\/web\/fr\/home.page\" target=\"_BLANK\" rel=\"noopener\"><img loading=\"lazy\" decoding=\"async\" class=\"alignnone size-full wp-image-944\" src=\"\/files\/2017\/11\/img105.jpg\" alt=\"\" width=\"225\" height=\"90\" \/><br \/>\nPostes Canada<\/a><\/div> <div class='span33 align-left   text-align-center' style='color:'><a href=\"https:\/\/www.energir.com\/\" target=\"_BLANK\" rel=\"noopener\"><img loading=\"lazy\" decoding=\"async\" class=\"alignnone size-full wp-image-929\" src=\"\/files\/2022\/06\/ENERGIR.png\" alt=\"\" width=\"225\" height=\"90\" \/><br \/>\n\u00c9nergir<\/a><\/div> <\/section>\n<section class='row '> <div class='span33 align-left   text-align-center' style='color:'><a href=\"https:\/\/videotron.com\/\" target=\"_BLANK\" rel=\"noopener\"><img loading=\"lazy\" decoding=\"async\" class=\"alignnone size-full wp-image-943\" src=\"\/files\/2022\/06\/VIDEOTRON.jpg\" alt=\"\" width=\"225\" height=\"90\" \/><br \/>\nVid\u00e9otron<\/a><\/div> <div class='span33 align-left   text-align-center' style='color:'><a href=\"http:\/\/www.bell.ca\/\" target=\"_BLANK\" rel=\"noopener\"><img loading=\"lazy\" decoding=\"async\" class=\"alignnone size-full wp-image-944\" src=\"\/files\/2017\/11\/img145.jpg\" alt=\"\" width=\"225\" height=\"90\" \/><br \/>\nBell Canada<\/a><\/div> <div class='span33 align-left   text-align-center' style='color:'><a href=\"https:\/\/app.movingwaldo.com\/\" target=\"_BLANK\" rel=\"noopener\"><img loading=\"lazy\" decoding=\"async\" class=\"alignnone size-full wp-image-944\" src=\"\/files\/2022\/06\/MovingWaldo_Alternate_Logo.png\" alt=\"\" width=\"225\" height=\"90\" \/><br \/>\nMovingWaldo<\/a><\/div> <\/section>\n<p><\/p>","protected":false},"excerpt":{"rendered":"<p>Real estate links Professional Associations Links Public Links<\/p>\n","protected":false},"author":121,"featured_media":0,"parent":0,"menu_order":90,"comment_status":"closed","ping_status":"closed","template":"page-fullwidth.php","meta":{"_acf_changed":false,"footnotes":""},"class_list":["post-945","page","type-page","status-publish","hentry"],"acf":[],"_links":{"self":[{"href":"https:\/\/lucandre.ca\/en\/wp-json\/wp\/v2\/pages\/945","targetHints":{"allow":["GET"]}}],"collection":[{"href":"https:\/\/lucandre.ca\/en\/wp-json\/wp\/v2\/pages"}],"about":[{"href":"https:\/\/lucandre.ca\/en\/wp-json\/wp\/v2\/types\/page"}],"author":[{"embeddable":true,"href":"https:\/\/lucandre.ca\/en\/wp-json\/wp\/v2\/users\/121"}],"replies":[{"embeddable":true,"href":"https:\/\/lucandre.ca\/en\/wp-json\/wp\/v2\/comments?post=945"}],"version-history":[{"count":2,"href":"https:\/\/lucandre.ca\/en\/wp-json\/wp\/v2\/pages\/945\/revisions"}],"predecessor-version":[{"id":1842,"href":"https:\/\/lucandre.ca\/en\/wp-json\/wp\/v2\/pages\/945\/revisions\/1842"}],"wp:attachment":[{"href":"https:\/\/lucandre.ca\/en\/wp-json\/wp\/v2\/media?parent=945"}],"curies":[{"name":"wp","href":"https:\/\/api.w.org\/{rel}","templated":true}]}}